{"id":5476,"date":"2021-09-21T22:38:46","date_gmt":"2021-09-21T20:38:46","guid":{"rendered":"https:\/\/schoolplasticfreemovement.org\/?page_id=5476"},"modified":"2024-02-21T05:03:08","modified_gmt":"2024-02-21T04:03:08","slug":"homepage-2","status":"publish","type":"page","link":"https:\/\/schoolplasticfreemovement.org\/it\/homepage-2\/","title":{"rendered":"Homepage"},"content":{"rendered":"<p><\/p>\n<p style=\"text-align: center;\"><strong><span class=\"tlid-translation translation\" lang=\"it\">MOVIMENTO SCUOLE SENZA PLASTICA<\/span><\/strong><\/p>\n<p style=\"text-align: center;\"><strong>Erasmus+ Project KA3 \u2013 Support for Policy Reform 621506-EPP-1-2020-1-IT-EPPKA3-IPI-SOC-IN<\/strong><\/p>\n<p><img data-recalc-dims=\"1\" decoding=\"async\" data-attachment-id=\"421\" data-permalink=\"https:\/\/schoolplasticfreemovement.org\/it\/homepage\/spem_logo\/\" data-orig-file=\"https:\/\/i0.wp.com\/schoolplasticfreemovement.org\/wp-content\/uploads\/2021\/04\/SPEM_LOGO.jpg?fit=246%2C102&amp;ssl=1\" data-orig-size=\"246,102\" data-comments-opened=\"1\" data-image-meta=\"{&quot;aperture&quot;:&quot;0&quot;,&quot;credit&quot;:&quot;&quot;,&quot;camera&quot;:&quot;&quot;,&quot;caption&quot;:&quot;&quot;,&quot;created_timestamp&quot;:&quot;0&quot;,&quot;copyright&quot;:&quot;&quot;,&quot;focal_length&quot;:&quot;0&quot;,&quot;iso&quot;:&quot;0&quot;,&quot;shutter_speed&quot;:&quot;0&quot;,&quot;title&quot;:&quot;&quot;,&quot;orientation&quot;:&quot;0&quot;}\" data-image-title=\"SPEM_LOGO\" data-image-description=\"&lt;p&gt;School Plastic Free Movement&lt;\/p&gt;\n\" data-image-caption=\"\" data-large-file=\"https:\/\/i0.wp.com\/schoolplasticfreemovement.org\/wp-content\/uploads\/2021\/04\/SPEM_LOGO.jpg?fit=246%2C102&amp;ssl=1\" class=\"alignnone size-full wp-image-421 aligncenter\" src=\"https:\/\/i0.wp.com\/schoolplasticfreemovement.org\/wp-content\/uploads\/2021\/04\/SPEM_LOGO.jpg?resize=246%2C102\" alt=\"\" width=\"246\" height=\"102\" \/><\/p>\n<h4 class=\"entry-title\" style=\"text-align: center;\">Non ereditiamo la terra dai nostri antenati, la prendiamo in prestito dai nostri figli (proverbio Indiano)<\/h4>\n<p style=\"text-align: justify;\"><span class=\"tlid-translation translation\" lang=\"it\">Viviamo in una societ\u00e0 invasa da prodotti di plastica e petrolio. Le nostre abitudini quotidiane stanno distruggendo l&#8217;ecosistema del pianeta mettendo a rischio la vita sul pianeta Terra. Per anni, tutti gli appelli in questo senso non sono stati ascoltati e siamo giunti a un momento in cui, attraverso l&#8217;aria, il cibo e l&#8217;acqua, ogni persona assorbe in media una quantit\u00e0 di microplastiche pari a una carta di credito ogni settimana. \u00c8 quindi il momento di agire incisivamente, per promuovere un cambiamento completo nelle abitudini quotidiane delle persone, per salvaguardare l&#8217;ambiente, la nostra salute e il futuro dell&#8217;uomo e di molte specie viventi sul pianeta. IL network delle scuole senza plastica nasce dalla necessit\u00e0 di educare le generazioni future a inventare tutti i modi possibili per sostituire l&#8217;uso della plastica con materiali alternativi, sostenibili ed eco-compatibili. (Il movimento vuole iniziare dal basso, invitando le scuole, le istituzioni educative e le associazioni di tutto il mondo a prenderne parte. Vogliamo iniziare un processo di consapevolezza da parte di bambini e giovani, dal loro amore per la natura e per la vita per arrivare ad una trasformazione dei consumi e delle scelte, sia per loro che per gli adulti che li circondano, in particolare, vogliamo dare alle nuove generazioni la possibilit\u00e0 di riguadagnare ritmi pi\u00f9 lenti di vita e un&#8217;idea di consumo pi\u00f9 sostenibile. Questo perch\u00e8 negli ultimi decenni, la velocit\u00e0 e il consumo sfrenato di qualsiasi prodotto sono diventati elementi chiave della nostra vita quotidiana: dobbiamo pertanto cambiare il nostro modo di agire e concepire la vita perch\u00e9 siamo gi\u00e0 diventati un elemento di distruzione per il pianeta. Questo network si pone quindi due obiettivi fondamentali: trovare ritmi pi\u00f9 vicini alla natura di cui siamo parte integrante e produrre il minor spreco possibile. A partire dalla scuola, nelle scuole stesse, Nelle associazioni, nelle famiglie, vogliamo usare la creativit\u00e0 degli studenti e dei bambini per cambiare le abitudini degli adulti. Il movimento nasce quindi dal basso, dagli studenti di tutte le scuole e istituzioni educative e vuole espandersi in tutto il mondo per iniziare un processo di sensibilizzazione e consapevolezza che inizia con i bambini, il loro amore per la natura e la vita e porta a una trasformazione nei consumi e nelle scelte degli adulti.<br \/>\nL&#8217;idea \u00e8 di incoraggiare gli alunni di qualsiasi paese del mondo a ripensare l&#8217;uso che fanno della plastica nella loro vita quotidiana, per capire quale impatto questo uso pu\u00f2 avere sull&#8217;ambiente (per la produzione, l&#8217;uso, lo smaltimento dell&#8217;oggetto) e inventare e creare alternative sostenibili da utilizzare in modo permanente a scuola o a casa. Il movimento mira a sensibilizzare\u00a0 i giovani all&#8217;impatto ambientale della plastica e offrire loro l&#8217;opportunit\u00e0 di essere protagonisti di un cambiamento attraverso la loro creativit\u00e0.<\/span><\/p>\n<p style=\"text-align: justify;\">Gli studenti \/ alunni \/ bambini delle scuole o qualsiasi istituzione o associazione che entrer\u00e0 a far parte del movimento dovranno impegnarsi a identificare un numero di oggetti din plastica (come l&#8217;inizio di un processo di trasformazione) da sostituire con altri materiali alternativi (riciclati, sostenibili, eco-compatibili), delle loro invenzioni e che diventino oggetti permanentemente comuni nelle relative istituzioni educative e che siano condivisi su questa piattaforma con tutte le idee che verranno da tutto il mondo. Questo network nasce in seno ad un gi\u00e0 strutturano network sui valori prosociali ( che include anche l&#8217;ambiente) una comunit\u00e0 mondiale chiamata\u00a0 &#8220;nobodyless&#8221; per lo scambio di buone pratiche, in cui ogni scuola \/ organizzazione presenter\u00e0 le sue alternative alla plastica e tutte le attivit\u00e0 correlate. Questa comunit\u00e0 sar\u00e0 uno spazio per il dialogo interculturale, il confronto e l&#8217;apertura verso l&#8217;altro che consentir\u00e0 agli studenti coinvolti di vedere come il loro impegno pu\u00f2 essere enormemente importante per l&#8217;intero pianeta. La libera circolazione delle scuole di plastica mira ad avere un impatto politico e sociale che pu\u00f2 influenzare positivamente la societ\u00e0 attraverso l&#8217;esempio fornito dai bambini stessi. Qualsiasi scuola o organizzazione educativa privata o pubblica nel mondo pu\u00f2 aderire liberamente e gratuitamente alla rete. Senza limiti di et\u00e0, religione o paese.<\/p>\n<p>Gli obiettivi del movimento possono quindi essere riassunti come:<\/p>\n<p>Educare i bambini a evitare l&#8217;uso della plastica ed essere consapevoli dei problemi ambientali connessi all&#8217;uso della plastica<br \/>\nSviluppare la creativit\u00e0 dei bambini per inventare materiale e strumenti di origine alternativa da utilizzare in modo permanente al posto della plastica nelle scuole<br \/>\nCreare una piattaforma online con tutte le esperienze di condivisione<br \/>\nProporre giochi, attivit\u00e0, strategie di condivisione online per prevenire l&#8217;uso della plastica<br \/>\nCreare un movimento europeo ed extraeuropeo di scuole \/ istituzioni \/ ONG<br \/>\nCoinvolgere le famiglie dei bambini nel cambiare le loro abitudini e non usare pi\u00f9 la plastica<br \/>\nCreare un emblema scolastico come simbolo del coinvolgimento sociale nel processo<br \/>\nElaborare delle lezioni o attivit\u00e0 sull&#8217;effetto della plastica sull&#8217;essere umano e sulla Terra<\/p>\n<p>Questo community Network aderisce alla carta dei valori sociali di &#8220;Nessuno di meno&#8221;, scaricabile qui:\u00a0\u00a0 <a href=\"http:\/\/psv.europole.org\/prosocial-value-community-2\/\">Prosocial Values Charter<\/a><\/p>\n<p>Il movimento di scuole senza plastica fa ufficialmente parte del \u00a0<a href=\"http:\/\/www.nobodyless.org\">Community Network Nessuno di Meno<\/a><\/p>","protected":false},"excerpt":{"rendered":"<p>MOVIMENTO SCUOLE SENZA PLASTICA Erasmus+ Project KA3 \u2013 Support for Policy Reform 621506-EPP-1-2020-1-IT-EPPKA3-IPI-SOC-IN Non ereditiamo la terra dai nostri antenati, la prendiamo in prestito dai nostri figli (proverbio Indiano) Viviamo in una societ\u00e0 invasa da prodotti di plastica e petrolio. Le nostre abitudini quotidiane stanno distruggendo l&#8217;ecosistema del pianeta mettendo a rischio la vita sul [&hellip;]<\/p>\n","protected":false},"author":1,"featured_media":0,"parent":0,"menu_order":0,"comment_status":"closed","ping_status":"closed","template":"","meta":{"_eb_attr":"","rop_custom_images_group":[],"rop_custom_messages_group":[],"rop_publish_now":"initial","rop_publish_now_accounts":[],"rop_publish_now_history":[],"rop_publish_now_status":"pending","_themeisle_gutenberg_block_has_review":false,"jetpack_post_was_ever_published":false,"footnotes":""},"class_list":["post-5476","page","type-page","status-publish","hentry"],"jetpack_sharing_enabled":true,"jetpack_likes_enabled":true,"jetpack_shortlink":"https:\/\/wp.me\/PbDhrA-1qk","_links":{"self":[{"href":"https:\/\/schoolplasticfreemovement.org\/it\/wp-json\/wp\/v2\/pages\/5476","targetHints":{"allow":["GET"]}}],"collection":[{"href":"https:\/\/schoolplasticfreemovement.org\/it\/wp-json\/wp\/v2\/pages"}],"about":[{"href":"https:\/\/schoolplasticfreemovement.org\/it\/wp-json\/wp\/v2\/types\/page"}],"author":[{"embeddable":true,"href":"https:\/\/schoolplasticfreemovement.org\/it\/wp-json\/wp\/v2\/users\/1"}],"replies":[{"embeddable":true,"href":"https:\/\/schoolplasticfreemovement.org\/it\/wp-json\/wp\/v2\/comments?post=5476"}],"version-history":[{"count":1,"href":"https:\/\/schoolplasticfreemovement.org\/it\/wp-json\/wp\/v2\/pages\/5476\/revisions"}],"predecessor-version":[{"id":5477,"href":"https:\/\/schoolplasticfreemovement.org\/it\/wp-json\/wp\/v2\/pages\/5476\/revisions\/5477"}],"wp:attachment":[{"href":"https:\/\/schoolplasticfreemovement.org\/it\/wp-json\/wp\/v2\/media?parent=5476"}],"curies":[{"name":"wp","href":"https:\/\/api.w.org\/{rel}","templated":true}]}}